{"id":848,"date":"2014-05-20T10:22:49","date_gmt":"2014-05-20T10:22:49","guid":{"rendered":"https:\/\/www.canblau.net\/aviso-legal-2\/"},"modified":"2014-05-20T10:24:49","modified_gmt":"2014-05-20T10:24:49","slug":"avis-legal","status":"publish","type":"page","link":"https:\/\/www.canblau.net\/ca\/avis-legal\/","title":{"rendered":"Av\u00eds Legal"},"content":{"rendered":"<div id=\"stcpDiv\">\n<p>CONCEPTO DE USUARIO<br \/>\nLa utilizaci\u00f3n de la Web atribuye la condici\u00f3n de Usuario, e implica la aceptaci\u00f3n plena y sin reservas de todas y cada una de las disposiciones incluidas en este Aviso Legal en la versi\u00f3n publicada por Ajuntament de Sant Josep de Sa Talaia. en el mismo momento en que el Usuario acceda a la web. En consecuencia, el Usuario debe leer atentamente el presente Aviso Legal en cada una de las ocasiones en que se proponga utilizar la Web, ya que puede sufrir modificaciones.<\/p>\n<p>INFORMACI\u00d3N SOBRE LOS LINKS<br \/>\nAjuntament de Sant Josep de Sa Talaia no se hace responsable de las webs no propias a las que se puede acceder mediante v\u00ednculos \u201dlinks\u201d o de cualquier contenido puesto a disposici\u00f3n por terceros.<\/p>\n<p>Cualquier uso de un v\u00ednculo o acceso a una web no propia es realizado por voluntad y riesgo exclusivo del usuario y Ajuntament de Sant Josep de Sa Talaia no recomienda ni garantiza ninguna informaci\u00f3n obtenida a trav\u00e9s de un v\u00ednculo ajeno a la web de Ajuntament de Sant Josep de Sa Talaia ni se responsabiliza de ninguna p\u00e9rdida, reclamaci\u00f3n o perjuicio derivada del uso o mal uso de un v\u00ednculo, o de la informaci\u00f3n obtenida a trav\u00e9s de \u00e9l, incluyendo otros v\u00ednculos o webs, de la interrupci\u00f3n en el servicio o en el acceso, o del intento de usar o usar mal un v\u00ednculo, tanto al conectar a la Web de Ajuntament de Sant Josep de Sa Talaia como al acceder a la informaci\u00f3n de otras webs desde la Web de Ajuntament de Sant Josep de Sa Talaia<\/p>\n<p>INFORMACI\u00d3N SOBRE LA UTILIZACI\u00d3N DE COOKIES<br \/>\nEn esta Web se pueden estar utilizando cookies en algunas p\u00e1ginas. La finalidad de dichas cookies es mejorar el servicio que ofrecen a sus clientes y a nuestros visitantes.<\/p>\n<p>Las cookies son peque\u00f1os ficheros de datos que se generan en el ordenador del usuario y que permiten obtener la siguiente informaci\u00f3n:<br \/>\n* Fecha y hora de la ultima vez que el usuario visito la Web.<br \/>\n* Dise\u00f1o de contenido que el usuario escogi\u00f3 en su primera visita a la web.<br \/>\n* Elementos de seguridad que intervienen en el control de acceso a las \u00e1reas restringidas.<\/p>\n<p>RENUNCIA Y LIMITACI\u00d3N DE LA RESPONSABILIDAD<br \/>\nLa informaci\u00f3n y servicios incluidos o disponibles a trav\u00e9s de las p\u00e1ginas web pueden incluir incorrecciones o errores tipogr\u00e1ficos. De forma peri\u00f3dica se incorporan cambios a la informaci\u00f3n contenida. Ajuntament de Sant Josep de Sa Talaia puede introducir en cualquier momento mejoras y\/o cambios en los servicios o contenidos.<\/p>\n<p>Ajuntament de Sant Josep de Sa Talaia ha obtenido la informaci\u00f3n y los materiales incluidos en \u00e1rea clientes de la web de fuentes consideradas como fiables, pero, si bien se han tomado las medidas correspondientes para asegurar que la informaci\u00f3n contenida sea correcta, no garantiza que sea exacta y actualizada.<\/p>\n<p>Tambi\u00e9n se advierte que los contenidos de esta web, tienen dos finalidades, una finalidad informativa en cuanto a la calidad, situaci\u00f3n, servicios y tarifas y otra de venta de productos.<\/p>\n<p>INFORMACI\u00d3N SOBRE LE EXENCI\u00d3N DE TODA LA RESPONSABILIDAD DERIVADA DE UN FALLO T\u00c9CNICO Y DE CONTENIDO<br \/>\nAjuntament de Sant Josep de Sa Talaia declina cualquier responsabilidad en caso de que existan interrupciones o un mal funcionamiento de los servicios o contenidos ofrecidos en Internet, cualquiera que sea su causa. Asimismo, Ajuntament de Sant Josep de Sa Talaia no se hace responsable por ca\u00eddas de la red, p\u00e9rdidas de negocio a consecuencia de dichas ca\u00eddas, suspensiones temporales del fluido el\u00e9ctrico o cualquier otro tipo de da\u00f1o indirecto que le pueda ser causado a los Usuarios por causas ajenas a Ajuntament de Sant Josep de Sa Talaia.<\/p>\n<p>Ajuntament de Sant Josep de Sa Talaia no declara ni garantiza que los servicios o contenidos sean interrumpidos o que est\u00e9n libres de errores, que los defectos sean corregidos, o que el servicio o el servidor que lo pone a disposici\u00f3n est\u00e9n libres de virus u otros componentes nocivos, sin perjuicio de que Ajuntament de Sant Josep de Sa Talaia realiza sus mejores esfuerzos en evitar este tipo de incidentes. En caso de que el Usuario tomara determinadas decisiones o realizara acciones con base a la informaci\u00f3n incluida en cualquiera de los websites, se recomienda la comprobaci\u00f3n de la informaci\u00f3n recibida con otras fuentes.<\/p>\n<p>PROPIEDAD INDUSTRIAL E INTELECTUAL<br \/>\nLos contenidos prestados por Ajuntament de Sant Josep de Sa Talaia as\u00ed como los contenidos vertidos en la red a trav\u00e9s de sus p\u00e1ginas web, constituyen una obra en el sentido de la legislaci\u00f3n sobre propiedad intelectual por lo que se hallan protegidos por las leyes y convenios internacionales aplicables en la materia.<\/p>\n<p>Queda prohibida cualquier forma de reproducci\u00f3n, distribuci\u00f3n, comunicaci\u00f3n p\u00fablica, transformaci\u00f3n, puesta a disposici\u00f3n y, en general, cualquier otro acto de explotaci\u00f3n p\u00fablica referido tanto a las p\u00e1ginas Web como a sus contenidos e informaci\u00f3n, sin el expreso y previo consentimiento y por escrito de Ajuntament de Sant Josep de Sa Talaia<\/p>\n<p>En consecuencia, todos los contenidos que se muestran en los diferentes websites y en especial, dise\u00f1os, textos, gr\u00e1ficos, logos, iconos, botones, software, nombres comerciales, marcas, dibujos industriales o cualesquiera otros signos susceptibles de utilizaci\u00f3n industrial y comercial est\u00e1n sujetos a derechos de propiedad intelectual e industrial de Ajuntament de Sant Josep de Sa Talaia o de terceros titulares de los mismos que han autorizado debidamente su inclusi\u00f3n en los diferentes websites.<\/p>\n<p>Los contenidos, im\u00e1genes, formas, opiniones, \u00edndices y dem\u00e1s expresiones formales que formen parte de las p\u00e1ginas Web, as\u00ed como el software necesario para el funcionamiento y visualizaci\u00f3n de las mismas, constituyen asimismo una obra en el sentido del Derecho de Autor y quedan, por lo tanto, protegidas por las convenciones internacionales y legislaciones nacionales en materia de Propiedad intelectual que resulten aplicables. El incumplimiento de lo se\u00f1alado implica la comisi\u00f3n de graves actos il\u00edcitos y su sanci\u00f3n por la legislaci\u00f3n civil y penal.<\/p>\n<p>Queda prohibido todo acto por virtud del cual los Usuarios de los servicios o contenidos puedan explotar o servirse comercialmente, directa o indirectamente, en su totalidad o parcialmente, de cualquiera de los contenidos, im\u00e1genes, formas, \u00edndices y dem\u00e1s expresiones formales que formen parte de las p\u00e1ginas Web sin permiso previo y por escrito de Ajuntament de Sant Josep de Sa Talaia.<\/p>\n<p>En concreto, y sin car\u00e1cter exhaustivo, quedan prohibidos los actos de reproducci\u00f3n, distribuci\u00f3n, exhibici\u00f3n, transmisi\u00f3n, retransmisi\u00f3n, emisi\u00f3n en cualquier forma, almacenamiento en soportes f\u00edsicos o l\u00f3gicos (por ejemplo, disquetes o disco duro de ordenadores), digitalizaci\u00f3n o puesta a disposici\u00f3n desde bases de datos distintas de las pertenecientes a las autorizadas por Ajuntament de Sant Josep de Sa Talaia, as\u00ed como su traducci\u00f3n, adaptaci\u00f3n, arreglo o cualquier otra transformaci\u00f3n de dichas opiniones, im\u00e1genes, formas, \u00edndices y dem\u00e1s expresiones formales que se pongan a disposici\u00f3n de los Usuarios a trav\u00e9s de los servicios o contenidos, en tanto tales actos est\u00e9n sometidos a la legislaci\u00f3n aplicable en materia de Propiedad intelectual, industrial o de protecci\u00f3n de la imagen.<\/p>\n<p>Ajuntament de Sant Josep de Sa Talaia es libre de limitar el acceso a las p\u00e1ginas Web, y a los productos y\/o servicios en ella ofrecidos, as\u00ed como la consiguiente publicaci\u00f3n de las opiniones, observaciones, im\u00e1genes o comentarios que los Usuarios puedan hacerle llegar a trav\u00e9s del correo electr\u00f3nico.<\/p>\n<p>Ajuntament de Sant Josep de Sa Talaia en este sentido, podr\u00e1 establecer, si lo considera oportuno, sin perjuicio de la \u00fanica y exclusiva responsabilidad de los Usuarios, los filtros necesarios a fin de evitar que a trav\u00e9s de sus p\u00e1ginas Web puedan verterse en la red contenidos u opiniones, considerados como racistas, xen\u00f3fobos, discriminatorios, pornogr\u00e1ficos, difamatorios o que, de cualquier modo, fomenten la violencia o la diseminaci\u00f3n de contenidos claramente il\u00edcitos o nocivos.<\/p>\n<p>Aquellos Usuarios que env\u00eden a las p\u00e1ginas Web de Ajuntament de Sant Josep de Sa Talaia a su departamento de sugerencias, observaciones, opiniones o comentarios por medio del servicio de correo electr\u00f3nico, salvo que expresen de manera cierta e inconfundible lo contrario, en los casos en los que por la naturaleza de los servicios o contenidos ello sea posible, se entiende que autorizan a Ajuntament de Sant Josep de Sa Talaia para la reproducci\u00f3n, distribuci\u00f3n, exhibici\u00f3n, transmisi\u00f3n, retransmisi\u00f3n, emisi\u00f3n en cualquier formato, almacenamiento en soportes f\u00edsicos o l\u00f3gicos (por ejemplo, disquetes o disco duro de ordenadores), digitalizaci\u00f3n, puesta a disposici\u00f3n desde bases de datos pertenecientes a Ajuntament de Sant Josep de Sa Talaia traducci\u00f3n, adaptaci\u00f3n, arreglo o cualquier otra transformaci\u00f3n de tales observaciones, opiniones o comentarios, por todo el tiempo de protecci\u00f3n de derecho de autor que est\u00e9 previsto legalmente.<\/p>\n<p>Asimismo, se entiende que esta autorizaci\u00f3n se hace a t\u00edtulo gratuito, y que por el solo hecho de enviar por correo electr\u00f3nico tales observaciones, opiniones o comentarios, los Usuarios declinan cualquier pretensi\u00f3n remuneratoria por parte de Ajuntament de Sant Josep de Sa Talaia.<\/p>\n<p>De acuerdo con lo se\u00f1alado en el p\u00e1rrafo anterior, Ajuntament de Sant Josep de Sa Talaia queda autorizada igualmente para proceder a la modificaci\u00f3n o alteraci\u00f3n de tales observaciones, opiniones o comentarios, a fin de adaptarlos a las necesidades de formato editorial de las p\u00e1ginas Web, sin que por ello pueda entenderse que existe en absoluto cualquier tipo de lesi\u00f3n de cualesquiera de las facultades morales de derecho de autor que los Usuarios pudieran ostentar sobre aqu\u00e9llas.<\/p>\n<p>Quedan prohibidos cualesquiera de los recursos t\u00e9cnicos, l\u00f3gicos o tecnol\u00f3gicos por virtud de los cuales un tercero pueda beneficiarse, directa o indirectamente, con o sin lucro, de todos y cada uno de los contenidos, formas, \u00edndices y dem\u00e1s expresiones formales que formen parte de las p\u00e1ginas Web, o del esfuerzo llevado a cabo por Ajuntament de Sant Josep de Sa Talaia para su funcionamiento.<\/p>\n<p>En concreto, queda prohibido todo link, hyperlink, framing o v\u00ednculo similar que pueda establecerse en direcci\u00f3n a las p\u00e1ginas Web de Ajuntament de Sant Josep de Sa Talaia sin el consentimiento previo, expreso y por escrito de Ajuntament de Sant Josep de Sa Talaia Cualquier trasgresi\u00f3n de lo dispuesto en este punto ser\u00e1 considerada como lesi\u00f3n de los leg\u00edtimos derechos de Propiedad intelectual de Ajuntament de Sant Josep de Sa Talaia sobre las p\u00e1ginas Web y todos los contenidos de las mismas.<\/p>\n<p>Ajuntament de Sant Josep de Sa Talaia no asumir\u00e1 responsabilidad alguna ante consecuencias derivadas de las conductas y actuaciones antes citadas, del mismo modo que no asumir\u00e1 responsabilidad alguna por los contenidos, servicios, productos, etc., de terceros a los que se pueda acceder directamente o a trav\u00e9s de banners, enlaces, links, hyperlinks, framing o v\u00ednculos similares desde los websites de Ajuntament de Sant Josep de Sa Talaia<\/p>\n<\/div>\n","protected":false},"excerpt":{"rendered":"<p>CONCEPTO DE USUARIO La utilizaci\u00f3n de la Web atribuye la condici\u00f3n de Usuario, e implica la aceptaci\u00f3n plena y sin reservas de todas y cada una de las disposiciones incluidas [&hellip;]<\/p>\n","protected":false},"author":1,"featured_media":0,"parent":0,"menu_order":0,"comment_status":"closed","ping_status":"closed","template":"","meta":{"footnotes":""},"class_list":["post-848","page","type-page","status-publish","hentry"],"_links":{"self":[{"href":"https:\/\/www.canblau.net\/ca\/wp-json\/wp\/v2\/pages\/848","targetHints":{"allow":["GET"]}}],"collection":[{"href":"https:\/\/www.canblau.net\/ca\/wp-json\/wp\/v2\/pages"}],"about":[{"href":"https:\/\/www.canblau.net\/ca\/wp-json\/wp\/v2\/types\/page"}],"author":[{"embeddable":true,"href":"https:\/\/www.canblau.net\/ca\/wp-json\/wp\/v2\/users\/1"}],"replies":[{"embeddable":true,"href":"https:\/\/www.canblau.net\/ca\/wp-json\/wp\/v2\/comments?post=848"}],"version-history":[{"count":0,"href":"https:\/\/www.canblau.net\/ca\/wp-json\/wp\/v2\/pages\/848\/revisions"}],"wp:attachment":[{"href":"https:\/\/www.canblau.net\/ca\/wp-json\/wp\/v2\/media?parent=848"}],"curies":[{"name":"wp","href":"https:\/\/api.w.org\/{rel}","templated":true}]}}