{"id":760,"date":"2014-04-09T09:55:10","date_gmt":"2014-04-09T09:55:10","guid":{"rendered":"https:\/\/www.canblau.net\/fundacio\/sponsors\/"},"modified":"2024-09-13T16:35:06","modified_gmt":"2024-09-13T14:35:06","slug":"sponsors-2","status":"publish","type":"page","link":"https:\/\/www.canblau.net\/ca\/administracio\/sponsors-2\/","title":{"rendered":"Lloguer d\u2019instruments"},"content":{"rendered":"<h2><\/h2>\n<h2><a href=\"https:\/\/www.canblau.net\/wp-content\/uploads\/2024\/09\/Sol\u00b7licitut-prestec-24-25.pdf\">Formulari Sol\u00b7licitut pr\u00e9stec 24-25<\/a><\/h2>\n<p>&nbsp;<\/p>\n<h2><span style=\"color: #0000ff;\"><a style=\"color: #0000ff;\" href=\"https:\/\/www.santjosepdesatalaia.es\/autoliqCanBlau_ca.aspx\">l\u2019enlla\u00e7 d\u2019autoliquidaci\u00f3 de l\u2019ajuntament<\/a><\/span><\/h2>\n<p>&nbsp;<\/p>\n<p>&nbsp;<\/p>\n<p>*Extracte del REGLAMENT DE R\u00c8GIM INTERN DE L&#8217;ESCOLA DE M\u00daSICA CAN BLAU<\/p>\n<p>&nbsp;<\/p>\n<p><strong><u>ARTICLE VI, Cap\u00edtol 3:<\/u><\/strong><strong> Cessi\u00f3 d&#8217;instruments<\/strong><br \/>\nL\u2019Escola de M\u00fasica Can Blau posseeix un servei destinat a la cessi\u00f3 d&#8217;instruments per a aquells alumnes que comencen amb un instrument i desitgen utilitzar-l\u2019ho fins a la compra d&#8217;un propi, o que per causes de for\u00e7a major, necessitin la substituci\u00f3 temporal de l&#8217;instrument propi. El servei de cessi\u00f3 acaba despr\u00e9s dels cursos d\u2019iniciaci\u00f3 i primer curs d\u2019ensenyaments de grau elemental.<br \/>\nEl servei de cessi\u00f3 d&#8217;instruments estar\u00e0 subjecte a les condicions seg\u00fcents:<\/p>\n<ol>\n<li>Sol\u00b7licitud de pr\u00e9stec, en la qual figurin les dades personals de l&#8217;alumne, aix\u00ed com l\u2019informe favorable del professor d&#8217;instrument que avala la sol\u00b7licitud.<\/li>\n<li>Aquesta sol\u00b7licitud estar\u00e0 signada per l&#8217;alumne, si \u00e9s major d&#8217;edat, o per la mare, el pare o tutor, si \u00e9s menor d&#8217;edat.<\/li>\n<li>L&#8217;alumne presentar\u00e0 la sol\u00b7licitud davant la secretaria del centre, qui s&#8217;encarregar\u00e0 de tramitar-la i de procedir al lliurament de l&#8217; instrument sol\u00b7licitat, en cas d&#8217;aprovaci\u00f3 d&#8217;aquesta sol\u00b7licitud per l&#8217;adre\u00e7a del centre i que l&#8217;escola disposi, en aquest moment, d&#8217;instruments per a la cessi\u00f3.<\/li>\n<li>El per\u00edode de pr\u00e9stec de l\u2019instrument no ser\u00e0, en cap cas, superior a un curs lectiu. Si fos necessari ampliar aquest termini a un curs m\u00e9s, l&#8217;alumne tornar\u00e0 a sol\u00b7licitar el pr\u00e9stec per a la seva ampliaci\u00f3. Al tercer any l\u2019alumne que segueixi estudiant a l\u2019escola ja ha de disposar del seu propi instrument.<\/li>\n<li>L&#8217;alumne procurar\u00e0, en tot moment, fer bon \u00fas de l\u2019instrument prestat, podent inc\u00f3rrer en responsabilitats.<\/li>\n<li>En cas de desperfecte, trencament o desajust de l\u2019instrument, ser\u00e0 l&#8217;alumne l&#8217;encarregat de la seva reparaci\u00f3, posada a punt o reposici\u00f3. El centre no es responsabilitzar\u00e0, en cap cas, d&#8217;aquesta reparaci\u00f3.<\/li>\n<li>Una vegada complert el termini de pr\u00e9stec, l&#8217;alumne haur\u00e0 de fer lliurament, al Secretari del centre, de l\u2019instrument utilitzat en perfectes condicions.<\/li>\n<li>L&#8217;alumne paga pel pr\u00e9stec de l\u2019instrument una quota anual.<\/li>\n<li>El centre vetllar\u00e0 per al bon funcionament dels instruments que hi ha a l\u2019escola, realitzant manteniments peri\u00f2dics.<\/li>\n<\/ol>\n<p>&nbsp;<\/p>\n<p>&nbsp;<\/p>\n<p>&nbsp;<\/p>\n<p>&nbsp;<\/p>\n<p>&nbsp;<\/p>\n<p>&nbsp;<\/p>\n<p>&nbsp;<\/p>\n<p>&nbsp;<\/p>\n<p>&nbsp;<\/p>\n<p>&nbsp;<\/p>\n<p>&nbsp;<\/p>\n<p>&nbsp;<\/p>\n<p>&nbsp;<\/p>\n<p>&nbsp;<\/p>\n<p>&nbsp;<\/p>\n<p>&nbsp;<\/p>\n<p>&nbsp;<\/p>\n<p>&nbsp;<\/p>\n<p>&nbsp;<\/p>\n<p>&nbsp;<\/p>\n<p>&nbsp;<\/p>\n<p>&nbsp;<\/p>\n","protected":false},"excerpt":{"rendered":"<p>Formulari Sol\u00b7licitut pr\u00e9stec 24-25 &nbsp; l\u2019enlla\u00e7 d\u2019autoliquidaci\u00f3 de l\u2019ajuntament &nbsp; &nbsp; *Extracte del REGLAMENT DE R\u00c8GIM INTERN DE L&#8217;ESCOLA DE M\u00daSICA CAN BLAU &nbsp; ARTICLE VI, Cap\u00edtol 3: Cessi\u00f3 d&#8217;instruments [&hellip;]<\/p>\n","protected":false},"author":1,"featured_media":0,"parent":125,"menu_order":0,"comment_status":"closed","ping_status":"closed","template":"page-templates\/page-foto.php","meta":{"footnotes":""},"class_list":["post-760","page","type-page","status-publish","hentry"],"_links":{"self":[{"href":"https:\/\/www.canblau.net\/ca\/wp-json\/wp\/v2\/pages\/760","targetHints":{"allow":["GET"]}}],"collection":[{"href":"https:\/\/www.canblau.net\/ca\/wp-json\/wp\/v2\/pages"}],"about":[{"href":"https:\/\/www.canblau.net\/ca\/wp-json\/wp\/v2\/types\/page"}],"author":[{"embeddable":true,"href":"https:\/\/www.canblau.net\/ca\/wp-json\/wp\/v2\/users\/1"}],"replies":[{"embeddable":true,"href":"https:\/\/www.canblau.net\/ca\/wp-json\/wp\/v2\/comments?post=760"}],"version-history":[{"count":0,"href":"https:\/\/www.canblau.net\/ca\/wp-json\/wp\/v2\/pages\/760\/revisions"}],"up":[{"embeddable":true,"href":"https:\/\/www.canblau.net\/ca\/wp-json\/wp\/v2\/pages\/125"}],"wp:attachment":[{"href":"https:\/\/www.canblau.net\/ca\/wp-json\/wp\/v2\/media?parent=760"}],"curies":[{"name":"wp","href":"https:\/\/api.w.org\/{rel}","templated":true}]}}