{"id":747,"date":"2014-04-09T10:10:55","date_gmt":"2014-04-09T10:10:55","guid":{"rendered":"https:\/\/www.canblau.net\/escola\/matriculas-inscripciones\/"},"modified":"2025-09-17T17:22:57","modified_gmt":"2025-09-17T15:22:57","slug":"matricules-inscripcions","status":"publish","type":"page","link":"https:\/\/www.canblau.net\/ca\/escola\/matricules-inscripcions\/","title":{"rendered":"Matr\u00edculaci\u00f3 i admissi\u00f3  2025\/26"},"content":{"rendered":"<h2><\/h2>\n<h6><a href=\"https:\/\/www.canblau.net\/wp-content\/uploads\/2025\/05\/INSTRUCCIONS-PER-A-RENOVACIONS-D-ALUMNES-AMB-PLACA.pdf\"><span style=\"color: #ff0000;\">INSTRUCCIONS PER A RENOVACIONS D&#8217; ALUMNES AMB PLA\u00c7A<\/span><\/a><\/h6>\n<p>&nbsp;<\/p>\n<p><a href=\"https:\/\/www.santjosepdesatalaia.es\/autoliqCanBlauRenovacion.aspx\">Prem aqu\u00ed per a fer el pagament de la renovaci\u00f3<\/a><\/p>\n<p>&nbsp;<\/p>\n<p>&nbsp;<\/p>\n<p>&nbsp;<\/p>\n<hr \/>\n<h6><span style=\"color: #ff0000;\"><a style=\"color: #ff0000;\" href=\"https:\/\/www.canblau.net\/wp-content\/uploads\/2025\/05\/INSTRUCCIONS-PER-A-NOUS-ALUMNES.pdf\">INSTRUCCIONS PER A NOUS ALUMNES<\/a><\/span><\/h6>\n<p>&nbsp;<\/p>\n<h2><a href=\"https:\/\/docs.google.com\/forms\/d\/e\/1FAIpQLScTF8xPz87ZWU4tr4I1w7lek20bz_M7LEdqmiNnou8yT9LRYg\/viewform?usp=preview\">Enlla\u00e7 per a preinscripcions de nous alumnes curso 2025\/2026<\/a><\/h2>\n<p>&nbsp;<\/p>\n<p>__________________________________________________________________________<\/p>\n<p>DESCARREGUES DOCUMENTACI\u00d3,\u00a0 SI L&#8217;ALUMNE T\u00c9 PLAZA:<\/p>\n<p><a href=\"https:\/\/www.santjosepdesatalaia.es\/autoliqCanBlauNuevas.aspx\">ENLLA\u00c7 PAGAMENT MATR\u00cdCULA CURS 25-26 clica aqu\u00ed<\/a><\/p>\n<h6><strong><span style=\"color: #3366ff;\"><a style=\"color: #3366ff;\" href=\"https:\/\/www.santjosepdesatalaia.es\/identificacion_certif_ca.aspx\" target=\"_blank\" rel=\"noopener noreferrer\">Enlla\u00e7 certificat de residencia en el municipi de Sant Josep<\/a><\/span><\/strong><\/h6>\n<h6><strong><a href=\"https:\/\/www.santjosepdesatalaia.es\/autoliqCanBlau_ca.aspx\">\u00a0<\/a><\/strong><span style=\"color: #3366ff;\"><a style=\"font-weight: bold; color: #3366ff;\" href=\"https:\/\/www.canblau.net\/wp-content\/uploads\/2014\/07\/formulario-mandato-simple-domiciliacion.pdf\" target=\"_blank\" rel=\"noopener noreferrer\">Enlla\u00e7 Formulari domiciliaci\u00f3 bancaria<\/a><\/span><\/h6>\n<h6><strong><a href=\"https:\/\/www.canblau.net\/wp-content\/uploads\/2025\/09\/AUTORITZACIO-PER-A-LA-PUBLICACIO-IMATGES-2025.pdf\">Enlla\u00e7 fourmulari tratament d&#8217;imatges<\/a><\/strong><\/h6>\n<p>&nbsp;<\/p>\n<p>NOTA: En el cas de no presentar la documentaci\u00f3 requerida dins del termini i en la forma escaient, no es podr\u00e0 garantir la pla\u00e7a.<\/p>\n<hr \/>\n<h6>* Davant qualsevol dubte poden contactar al correu electr\u00f2nic canblau@santjosep.org o al tel\u00e8fon 871904288, en horari de tardes.<\/h6>\n<p>&nbsp;<\/p>\n<h1><\/h1>\n<p>&nbsp;<\/p>\n<p>&nbsp;<\/p>\n<p>&nbsp;<\/p>\n","protected":false},"excerpt":{"rendered":"<p>INSTRUCCIONS PER A RENOVACIONS D&#8217; ALUMNES AMB PLA\u00c7A &nbsp; Prem aqu\u00ed per a fer el pagament de la renovaci\u00f3 &nbsp; &nbsp; &nbsp; INSTRUCCIONS PER A NOUS ALUMNES &nbsp; Enlla\u00e7 per [&hellip;]<\/p>\n","protected":false},"author":1,"featured_media":28767,"parent":133,"menu_order":0,"comment_status":"closed","ping_status":"closed","template":"page-templates\/page-foto.php","meta":{"footnotes":""},"class_list":["post-747","page","type-page","status-publish","has-post-thumbnail","hentry"],"_links":{"self":[{"href":"https:\/\/www.canblau.net\/ca\/wp-json\/wp\/v2\/pages\/747","targetHints":{"allow":["GET"]}}],"collection":[{"href":"https:\/\/www.canblau.net\/ca\/wp-json\/wp\/v2\/pages"}],"about":[{"href":"https:\/\/www.canblau.net\/ca\/wp-json\/wp\/v2\/types\/page"}],"author":[{"embeddable":true,"href":"https:\/\/www.canblau.net\/ca\/wp-json\/wp\/v2\/users\/1"}],"replies":[{"embeddable":true,"href":"https:\/\/www.canblau.net\/ca\/wp-json\/wp\/v2\/comments?post=747"}],"version-history":[{"count":0,"href":"https:\/\/www.canblau.net\/ca\/wp-json\/wp\/v2\/pages\/747\/revisions"}],"up":[{"embeddable":true,"href":"https:\/\/www.canblau.net\/ca\/wp-json\/wp\/v2\/pages\/133"}],"wp:featuredmedia":[{"embeddable":true,"href":"https:\/\/www.canblau.net\/ca\/wp-json\/wp\/v2\/media\/28767"}],"wp:attachment":[{"href":"https:\/\/www.canblau.net\/ca\/wp-json\/wp\/v2\/media?parent=747"}],"curies":[{"name":"wp","href":"https:\/\/api.w.org\/{rel}","templated":true}]}}