{"id":740,"date":"2014-04-11T09:29:41","date_gmt":"2014-04-11T09:29:41","guid":{"rendered":"https:\/\/www.canblau.net\/escola\/cursos\/edades-7-anos\/"},"modified":"2014-05-19T14:32:44","modified_gmt":"2014-05-19T14:32:44","slug":"edats-7-anys","status":"publish","type":"page","link":"https:\/\/www.canblau.net\/ca\/escola\/cursos\/edats-7-anys\/","title":{"rendered":"Edats 7 anys"},"content":{"rendered":"<h2>Iniciaci\u00f3<\/h2>\n<h3>El curs d\u2019Iniciaci\u00f3 dura un any. Els alumnes es preparen per a l\u2019entrada als Ensenyaments Elementals amb aquestes assignatures:<\/h3>\n<p>Llenguatge\u00a0musical:\u00a0\u00a0\u00a0\u00a0\u00a0\u00a0\u00a0\u00a0\u00a0\u00a0\u00a0\u00a0 2\u00a0classes\u00a0setmanals de 45 min<\/p>\n<p>Conjunt\u00a0instrumental:\u00a0\u00a0\u00a0\u00a0 1\u00a0classe\u00a0setmanal de 45 min<\/p>\n<p>Conjunt\u00a0vocal: \u00a0\u00a0\u00a0\u00a0\u00a0\u00a0\u00a0\u00a0\u00a0\u00a0\u00a0\u00a0\u00a0\u00a0\u00a0\u00a0\u00a0 1\u00a0classe\u00a0setmanal de 45 min<\/p>\n<p>Classe d\u2019instrument:\u00a0\u00a0\u00a0\u00a0\u00a0 1\u00a0classe\u00a0setmanal de 30 min<\/p>\n<h3>Els objectius de la Iniciaci\u00f3 a la m\u00fasica s\u00f3n els seg\u00fcents:<\/h3>\n<p>&#8211; Desvetllar l\u2019afici\u00f3 a la m\u00fasica.<br \/>\n&#8211; Descobrir i desenvolupar les capacitats expressives, musicals i motrius.<br \/>\n&#8211; Adquirir habilitats t\u00e8cniques i capacitats expressives per a la pr\u00e0ctica musical, individualment i en grup: tocant i cantant.<br \/>\n&#8211; Compartir la m\u00fasica amb els companys del grup mitjan\u00e7ant el cant i els instruments.<br \/>\n&#8211; Iniciaci\u00f3 a l\u2019estudi d\u2019un instrument de banda.<\/p>\n<h3>Quotes<\/h3>\n<div class=\"su-table su-table-alternate\">\n<table>\n<tbody>\n<tr>\n<td><\/td>\n<td><\/td>\n<td>Matr\u00edcula<\/td>\n<td>Mensualitat<\/td>\n<\/tr>\n<tr>\n<td>7 anys<\/td>\n<td>3,5 hores en dues jornades setmanals<\/td>\n<td>40\u20ac<\/td>\n<td>40\u20ac<\/td>\n<\/tr>\n<\/tbody>\n<\/table>\n<\/div>\n<p>&nbsp;<\/p>\n<div class=\"su-table su-table-alternate\">\n<table>\n<tbody>\n<tr>\n<td><\/td>\n<td>\u00a0EMPADRONATS SANT JOSEP<\/td>\n<td>Matr\u00edcula<\/td>\n<td>Mensualitat<\/td>\n<\/tr>\n<tr>\n<td>7 anys<\/td>\n<td>3,5 hores en dues jornades setmanals<\/td>\n<td>35\u20ac<\/td>\n<td>35\u20ac<\/td>\n<\/tr>\n<\/tbody>\n<\/table>\n<\/div>\n<h3><\/h3>\n<h3>M\u00e9s informaci\u00f3 i inscripcions<\/h3>\n<a href=\"\/?page_id=747\" class=\"su-button su-button-style-flat\" style=\"color:#FFFFFF;background-color:#084077;border-color:#073460;border-radius:8px\" target=\"_self\"><span style=\"color:#FFFFFF;padding:7px 22px;font-size:17px;line-height:26px;border-color:#537aa0;border-radius:8px;text-shadow:none\"><i class=\"sui sui-file-text-o\" style=\"font-size:17px;color:#FFFFFF\"><\/i> Anar a Matr\u00edcules i Inscripcions<\/span><\/a>\n<p>&nbsp;<\/p>\n","protected":false},"excerpt":{"rendered":"<p>Iniciaci\u00f3 El curs d\u2019Iniciaci\u00f3 dura un any. Els alumnes es preparen per a l\u2019entrada als Ensenyaments Elementals amb aquestes assignatures: Llenguatge\u00a0musical:\u00a0\u00a0\u00a0\u00a0\u00a0\u00a0\u00a0\u00a0\u00a0\u00a0\u00a0\u00a0 2\u00a0classes\u00a0setmanals de 45 min Conjunt\u00a0instrumental:\u00a0\u00a0\u00a0\u00a0 1\u00a0classe\u00a0setmanal de 45 min [&hellip;]<\/p>\n","protected":false},"author":1,"featured_media":600,"parent":720,"menu_order":0,"comment_status":"closed","ping_status":"closed","template":"","meta":{"footnotes":""},"class_list":["post-740","page","type-page","status-publish","has-post-thumbnail","hentry"],"_links":{"self":[{"href":"https:\/\/www.canblau.net\/ca\/wp-json\/wp\/v2\/pages\/740","targetHints":{"allow":["GET"]}}],"collection":[{"href":"https:\/\/www.canblau.net\/ca\/wp-json\/wp\/v2\/pages"}],"about":[{"href":"https:\/\/www.canblau.net\/ca\/wp-json\/wp\/v2\/types\/page"}],"author":[{"embeddable":true,"href":"https:\/\/www.canblau.net\/ca\/wp-json\/wp\/v2\/users\/1"}],"replies":[{"embeddable":true,"href":"https:\/\/www.canblau.net\/ca\/wp-json\/wp\/v2\/comments?post=740"}],"version-history":[{"count":0,"href":"https:\/\/www.canblau.net\/ca\/wp-json\/wp\/v2\/pages\/740\/revisions"}],"up":[{"embeddable":true,"href":"https:\/\/www.canblau.net\/ca\/wp-json\/wp\/v2\/pages\/720"}],"wp:featuredmedia":[{"embeddable":true,"href":"https:\/\/www.canblau.net\/ca\/wp-json\/wp\/v2\/media\/600"}],"wp:attachment":[{"href":"https:\/\/www.canblau.net\/ca\/wp-json\/wp\/v2\/media?parent=740"}],"curies":[{"name":"wp","href":"https:\/\/api.w.org\/{rel}","templated":true}]}}