{"id":732,"date":"2014-05-02T10:02:52","date_gmt":"2014-05-02T10:02:52","guid":{"rendered":"https:\/\/www.canblau.net\/escola\/cursos\/curso-de-perfeccionamiento\/"},"modified":"2014-05-19T14:34:19","modified_gmt":"2014-05-19T14:34:19","slug":"curs-de-perfeccionament","status":"publish","type":"page","link":"https:\/\/www.canblau.net\/ca\/escola\/cursos\/curs-de-perfeccionament\/","title":{"rendered":"Curs de perfeccionament"},"content":{"rendered":"<p>Despr\u00e9s de l\u2019estudi de l\u2019Ensenyan\u00e7a Elemental, Can Blau ofereix un cicle de dos anys com a perfeccionament de la formaci\u00f3.<\/p>\n<h3>Les assignatures s\u00f3n:<\/h3>\n<p>Llenguatge musical:\u00a0\u00a0\u00a0\u00a0\u00a0\u00a0\u00a0\u00a0\u00a0\u00a0\u00a0 1 hora setmanal<\/p>\n<p>Classe d\u2019instrument:\u00a0\u00a0\u00a0\u00a0\u00a0 1 hora setmanal<\/p>\n<h3>Optatives:<\/h3>\n<p>Harmonia:\u00a0\u00a0\u00a0\u00a0\u00a0\u00a0 \u00a0\u00a0\u00a0\u00a0\u00a0\u00a0\u00a0\u00a0\u00a0\u00a0\u00a0\u00a0\u00a0\u00a0\u00a0\u00a0\u00a0\u00a0\u00a0\u00a0\u00a0\u00a0 1 hora setmanal<\/p>\n<p>Cant\u00a0coral:\u00a0\u00a0\u00a0\u00a0\u00a0\u00a0\u00a0\u00a0\u00a0\u00a0\u00a0\u00a0\u00a0\u00a0\u00a0\u00a0\u00a0\u00a0\u00a0\u00a0\u00a0\u00a0\u00a0\u00a0 1 hora setmanal<\/p>\n<p>&nbsp;<\/p>\n<h3>M\u00e9s informaci\u00f3 i inscripcions<\/h3>\n<a href=\"\/?page_id=747\" class=\"su-button su-button-style-flat\" style=\"color:#FFFFFF;background-color:#084077;border-color:#073460;border-radius:8px\" target=\"_self\"><span style=\"color:#FFFFFF;padding:7px 22px;font-size:17px;line-height:26px;border-color:#537aa0;border-radius:8px;text-shadow:none\"><i class=\"sui sui-file-text-o\" style=\"font-size:17px;color:#FFFFFF\"><\/i> Anar a Matr\u00edcules i Inscripcions<\/span><\/a>\n","protected":false},"excerpt":{"rendered":"<p>Despr\u00e9s de l\u2019estudi de l\u2019Ensenyan\u00e7a Elemental, Can Blau ofereix un cicle de dos anys com a perfeccionament de la formaci\u00f3. Les assignatures s\u00f3n: Llenguatge musical:\u00a0\u00a0\u00a0\u00a0\u00a0\u00a0\u00a0\u00a0\u00a0\u00a0\u00a0 1 hora setmanal Classe d\u2019instrument:\u00a0\u00a0\u00a0\u00a0\u00a0 [&hellip;]<\/p>\n","protected":false},"author":1,"featured_media":507,"parent":720,"menu_order":0,"comment_status":"closed","ping_status":"closed","template":"","meta":{"footnotes":""},"class_list":["post-732","page","type-page","status-publish","has-post-thumbnail","hentry"],"_links":{"self":[{"href":"https:\/\/www.canblau.net\/ca\/wp-json\/wp\/v2\/pages\/732","targetHints":{"allow":["GET"]}}],"collection":[{"href":"https:\/\/www.canblau.net\/ca\/wp-json\/wp\/v2\/pages"}],"about":[{"href":"https:\/\/www.canblau.net\/ca\/wp-json\/wp\/v2\/types\/page"}],"author":[{"embeddable":true,"href":"https:\/\/www.canblau.net\/ca\/wp-json\/wp\/v2\/users\/1"}],"replies":[{"embeddable":true,"href":"https:\/\/www.canblau.net\/ca\/wp-json\/wp\/v2\/comments?post=732"}],"version-history":[{"count":0,"href":"https:\/\/www.canblau.net\/ca\/wp-json\/wp\/v2\/pages\/732\/revisions"}],"up":[{"embeddable":true,"href":"https:\/\/www.canblau.net\/ca\/wp-json\/wp\/v2\/pages\/720"}],"wp:featuredmedia":[{"embeddable":true,"href":"https:\/\/www.canblau.net\/ca\/wp-json\/wp\/v2\/media\/507"}],"wp:attachment":[{"href":"https:\/\/www.canblau.net\/ca\/wp-json\/wp\/v2\/media?parent=732"}],"curies":[{"name":"wp","href":"https:\/\/api.w.org\/{rel}","templated":true}]}}