{"id":728,"date":"2014-05-07T09:24:55","date_gmt":"2014-05-07T09:24:55","guid":{"rendered":"https:\/\/www.canblau.net\/escola\/cursos\/alumnos-externos\/"},"modified":"2014-05-19T10:53:38","modified_gmt":"2014-05-19T10:53:38","slug":"alumnes-externs","status":"publish","type":"page","link":"https:\/\/www.canblau.net\/ca\/escola\/cursos\/alumnes-externs\/","title":{"rendered":"Alumnes Externs Conjunts Vocals, Cors i Banda"},"content":{"rendered":"<p>&nbsp;<\/p>\n<p>Els alumnes que, havent finalitzat els seus estudis de m\u00fasica en Can Blau, desitgin seguir tocant en la Banda, poden fer-ho inscrivint-se.<\/p>\n<p>Igualment, el Conjunt Vocal d&#8217;Adults i Conjunt Vocal de Nens est\u00e0 obert per els qui no s\u00f3n estudiants de m\u00fasica en Can Blau.<\/p>\n<p>Despr\u00e9s d&#8217;haver participat en el Conjunt Vocal, els adults poden entrar en el cor de Can Blau o en el Canblaugospel i els nens en el cor juvenil<\/p>\n<p>&nbsp;<\/p>\n","protected":false},"excerpt":{"rendered":"<p>&nbsp; Els alumnes que, havent finalitzat els seus estudis de m\u00fasica en Can Blau, desitgin seguir tocant en la Banda, poden fer-ho inscrivint-se. Igualment, el Conjunt Vocal d&#8217;Adults i Conjunt [&hellip;]<\/p>\n","protected":false},"author":1,"featured_media":1169,"parent":720,"menu_order":0,"comment_status":"closed","ping_status":"closed","template":"","meta":{"footnotes":""},"class_list":["post-728","page","type-page","status-publish","has-post-thumbnail","hentry"],"_links":{"self":[{"href":"https:\/\/www.canblau.net\/ca\/wp-json\/wp\/v2\/pages\/728","targetHints":{"allow":["GET"]}}],"collection":[{"href":"https:\/\/www.canblau.net\/ca\/wp-json\/wp\/v2\/pages"}],"about":[{"href":"https:\/\/www.canblau.net\/ca\/wp-json\/wp\/v2\/types\/page"}],"author":[{"embeddable":true,"href":"https:\/\/www.canblau.net\/ca\/wp-json\/wp\/v2\/users\/1"}],"replies":[{"embeddable":true,"href":"https:\/\/www.canblau.net\/ca\/wp-json\/wp\/v2\/comments?post=728"}],"version-history":[{"count":0,"href":"https:\/\/www.canblau.net\/ca\/wp-json\/wp\/v2\/pages\/728\/revisions"}],"up":[{"embeddable":true,"href":"https:\/\/www.canblau.net\/ca\/wp-json\/wp\/v2\/pages\/720"}],"wp:featuredmedia":[{"embeddable":true,"href":"https:\/\/www.canblau.net\/ca\/wp-json\/wp\/v2\/media\/1169"}],"wp:attachment":[{"href":"https:\/\/www.canblau.net\/ca\/wp-json\/wp\/v2\/media?parent=728"}],"curies":[{"name":"wp","href":"https:\/\/api.w.org\/{rel}","templated":true}]}}