{"id":706,"date":"2014-04-09T10:13:45","date_gmt":"2014-04-09T10:13:45","guid":{"rendered":"https:\/\/www.canblau.net\/coros-2\/coros-ninos\/"},"modified":"2023-03-30T17:14:00","modified_gmt":"2023-03-30T15:14:00","slug":"cors-infantils","status":"publish","type":"page","link":"https:\/\/www.canblau.net\/ca\/cors\/cors-infantils\/","title":{"rendered":"COR D\u2019AL\u00b7LOTS CAN BLAU"},"content":{"rendered":"<p>&nbsp;<\/p>\n<p>El cant coral \u00e9s una pe\u00e7a clau de la formaci\u00f3 dels alumnes de l\u2019Escola Municipal de M\u00fasica de Can Blau i del seu projecte educatiu. La veu \u00e9s l\u2019instrument m\u00e9s accessible del qual disposa tot \u00e9sser hum\u00e0, i pels infants esdev\u00e9 un joc i una font de diversi\u00f3 i d\u2019aprenentatge.<\/p>\n<p>A trav\u00e9s del cant coral es treballa la posici\u00f3 corporal, la respiraci\u00f3, l\u2019o\u00efda, l\u2019entonaci\u00f3, l\u2019afinaci\u00f3, el ritme i la pulsaci\u00f3, i l\u2019emissi\u00f3 de la veu. Tamb\u00e9 es treballa l\u2019escolta, el companyerisme, el respecte als altres i el plaer de fer m\u00fasica en grup. Canten can\u00e7ons de tot tipus i cultures, en diferents idiomes, a una o a m\u00e9s veus, <em>a capella<\/em> o amb acompanyament d\u2019altres instruments (piano, percussi\u00f3, flauta&#8230;).<\/p>\n<p>El conjunt vocal, format pels alumnes d\u2019Iniciaci\u00f3 (7 anys), \u00e9s el primer contacte amb la veu i les possibilitats que ofereix quan es treballa en grup. Posteriorment, al llarg dels quatre cursos d\u2019Ensenyaments Elementals (8-12 anys), l\u2019assignatura de cant coral els veu cr\u00e9ixer i millorar com a m\u00fasics i com a cantaries.<\/p>\n<p>Un cap a l\u2019any s\u2019ajunten tots els grups de cant coral per oferir un concert conjunt, a fi de presentar el treball fet durant el curs i experimentar la sensaci\u00f3 de cantar en p\u00fablic.<\/p>\n<p>Els alumnes de tercer i quart (10-12 anys) de cant coral s\u2019ajunten en ocasions especials per formar el Cor d\u2019Al\u00b7lots de Can Blau. Aquest cor participa en activitats fora del pla d\u2019estudis com el concert de Nadal que organitza el Cor Parroquial de Sant Agust\u00ed, concerts a resid\u00e8ncies de gent gran o el concert final de curs de l\u2019escola, on canta juntament amb el Cor Municipal Can Blau, Canblaug\u00f3spel i la Banda Municipal de Sant Josep de sa Talaia.<\/p>\n<p>&nbsp;<\/p>\n<p><iframe loading=\"lazy\" title=\"Concierto de Navidad Cor d&#039;al\u00b7lots Can Blau 2019\/20\" width=\"474\" height=\"267\" src=\"https:\/\/www.youtube.com\/embed\/ASJv4Pz4nmA?feature=oembed\" frameborder=\"0\" allow=\"accelerometer; autoplay; clipboard-write; encrypted-media; gyroscope; picture-in-picture; web-share\" referrerpolicy=\"strict-origin-when-cross-origin\" allowfullscreen><\/iframe><\/p>\n","protected":false},"excerpt":{"rendered":"<p>&nbsp; El cant coral \u00e9s una pe\u00e7a clau de la formaci\u00f3 dels alumnes de l\u2019Escola Municipal de M\u00fasica de Can Blau i del seu projecte educatiu. La veu \u00e9s l\u2019instrument [&hellip;]<\/p>\n","protected":false},"author":1,"featured_media":604,"parent":137,"menu_order":0,"comment_status":"closed","ping_status":"closed","template":"page-templates\/page-foto.php","meta":{"footnotes":""},"class_list":["post-706","page","type-page","status-publish","has-post-thumbnail","hentry"],"_links":{"self":[{"href":"https:\/\/www.canblau.net\/ca\/wp-json\/wp\/v2\/pages\/706","targetHints":{"allow":["GET"]}}],"collection":[{"href":"https:\/\/www.canblau.net\/ca\/wp-json\/wp\/v2\/pages"}],"about":[{"href":"https:\/\/www.canblau.net\/ca\/wp-json\/wp\/v2\/types\/page"}],"author":[{"embeddable":true,"href":"https:\/\/www.canblau.net\/ca\/wp-json\/wp\/v2\/users\/1"}],"replies":[{"embeddable":true,"href":"https:\/\/www.canblau.net\/ca\/wp-json\/wp\/v2\/comments?post=706"}],"version-history":[{"count":0,"href":"https:\/\/www.canblau.net\/ca\/wp-json\/wp\/v2\/pages\/706\/revisions"}],"up":[{"embeddable":true,"href":"https:\/\/www.canblau.net\/ca\/wp-json\/wp\/v2\/pages\/137"}],"wp:featuredmedia":[{"embeddable":true,"href":"https:\/\/www.canblau.net\/ca\/wp-json\/wp\/v2\/media\/604"}],"wp:attachment":[{"href":"https:\/\/www.canblau.net\/ca\/wp-json\/wp\/v2\/media?parent=706"}],"curies":[{"name":"wp","href":"https:\/\/api.w.org\/{rel}","templated":true}]}}