{"id":213,"date":"2014-04-16T16:26:57","date_gmt":"2014-04-16T16:26:57","guid":{"rendered":"https:\/\/www.canblau.net\/?page_id=213"},"modified":"2023-03-31T17:13:20","modified_gmt":"2023-03-31T15:13:20","slug":"cor-dadults","status":"publish","type":"page","link":"https:\/\/www.canblau.net\/ca\/cors\/cor-dadults\/","title":{"rendered":"COR MUNICIPAL CAN BLAU"},"content":{"rendered":"<p>&nbsp;<\/p>\n<p>El Cor Municipal Can Blau va n\u00e9ixer el 2006 en el s\u00ed de l\u2019Escola de M\u00fasica Can Blau, el mateix any que es va fundar. Des del principi el cant, els cantants i els cors tenen un paper molt important en les activitats de l\u2019escola. El cant forma part del projecte educatiu per a tots els nivells i edats.<\/p>\n<p>El Cor Municipal Can Blau \u00e9s un cor a quatre veus mixtes de car\u00e0cter amateur, format en l\u2019actualitat per uns 30 cantaires. Assaja un cop per setmana i interpreta tot tipus de repertori: tradicional-popular, cl\u00e0ssic, contemporani, versions, lit\u00fargic, espirituals, bandes sonores, etc. La majoria del repertori \u00e9s <em>a capella<\/em>, tot i que a vegades compta amb el pianista \u00d2scar Palerm per a l\u2019acompanyament al piano .<\/p>\n<p>La formaci\u00f3 dels seus membres i la recerca de la millora interpretativa constant \u00e9s un aspecte molt important per al cor. Ha rebut cursos de la m\u00e0 d\u2019Isabel Mantec\u00f3n (2023), Oriol Castanyer (2019) i N\u00faria Cols (2018).<\/p>\n<p>Durant els seus m\u00e9s de 10 anys d\u2019hist\u00f2ria ha fet concerts per tota Eivissa (Sant Josep, Sant Agust\u00ed, Sant Carles, Jes\u00fas, Vila, etc). El 2014 va participar a la Fira Medieval de Dalt Vila amb un concert \u00edntegrament de m\u00fasica antiga. Sovint tamb\u00e9 col\u00b7labora amb causes solid\u00e0ries realitzant concerts ben\u00e8fics. El 2015 va realitzar un viatge a Alc\u00fadia.<\/p>\n<p>La seva fundadora va ser Charlotte Look, qui en va ser la directora fins 2016. La va succeir B\u00e0rbara Revert fins al 2018. Des de 2018 la seva directora \u00e9s Montserrat Ribot.<\/p>\n","protected":false},"excerpt":{"rendered":"<p>&nbsp; El Cor Municipal Can Blau va n\u00e9ixer el 2006 en el s\u00ed de l\u2019Escola de M\u00fasica Can Blau, el mateix any que es va fundar. Des del principi el [&hellip;]<\/p>\n","protected":false},"author":1,"featured_media":27977,"parent":137,"menu_order":0,"comment_status":"closed","ping_status":"closed","template":"page-templates\/page-foto.php","meta":{"footnotes":""},"class_list":["post-213","page","type-page","status-publish","has-post-thumbnail","hentry"],"_links":{"self":[{"href":"https:\/\/www.canblau.net\/ca\/wp-json\/wp\/v2\/pages\/213","targetHints":{"allow":["GET"]}}],"collection":[{"href":"https:\/\/www.canblau.net\/ca\/wp-json\/wp\/v2\/pages"}],"about":[{"href":"https:\/\/www.canblau.net\/ca\/wp-json\/wp\/v2\/types\/page"}],"author":[{"embeddable":true,"href":"https:\/\/www.canblau.net\/ca\/wp-json\/wp\/v2\/users\/1"}],"replies":[{"embeddable":true,"href":"https:\/\/www.canblau.net\/ca\/wp-json\/wp\/v2\/comments?post=213"}],"version-history":[{"count":0,"href":"https:\/\/www.canblau.net\/ca\/wp-json\/wp\/v2\/pages\/213\/revisions"}],"up":[{"embeddable":true,"href":"https:\/\/www.canblau.net\/ca\/wp-json\/wp\/v2\/pages\/137"}],"wp:featuredmedia":[{"embeddable":true,"href":"https:\/\/www.canblau.net\/ca\/wp-json\/wp\/v2\/media\/27977"}],"wp:attachment":[{"href":"https:\/\/www.canblau.net\/ca\/wp-json\/wp\/v2\/media?parent=213"}],"curies":[{"name":"wp","href":"https:\/\/api.w.org\/{rel}","templated":true}]}}