{"id":159,"date":"2014-04-11T10:14:27","date_gmt":"2014-04-11T10:14:27","guid":{"rendered":"https:\/\/www.canblau.net\/?page_id=159"},"modified":"2023-03-30T17:51:43","modified_gmt":"2023-03-30T15:51:43","slug":"gospel","status":"publish","type":"page","link":"https:\/\/www.canblau.net\/ca\/cors\/gospel\/","title":{"rendered":"cor CanblauGospel"},"content":{"rendered":"<p>El canblau<i>gospel<\/i> de l&#8217;Escola de M\u00fasica Can Blau es va formar a principi de l&#8217;any 2007. Est\u00e0 dirigit a aficionats del cant que busquen una alternativa als cors tradicionals i que volen passar-s\u2019ho b\u00e9 cantant una m\u00fasica viva i r\u00edtmica: <i>gospel<\/i> o negre espiritual. S\u00f3n evidents la il\u00b7lusi\u00f3 i l&#8217;entusiasme que desperta aquesta activitat en els cantants.<\/p>\n<p>Els objectius de l&#8217;activitat del canblau<i>gospel<\/i>\u00a0 s\u00f3n els seg\u00fcents:<\/p>\n<ul>\n<li>Donar una perspectiva diferent del que pot ser un cor.<\/li>\n<li>Donar a con\u00e8ixer la m\u00fasica i la cultura afroamericana.<\/li>\n<li>Reunir aficionats al cant.<\/li>\n<li>Gaudir del cant.<\/li>\n<li>Proporcionar coneixements de la veu cantada i del ritme.<\/li>\n<li>Treballar m\u00fasica i moviment.<\/li>\n<li>Elaborar un repertori.<\/li>\n<li>Preparar actuacions.<\/li>\n<\/ul>\n<p>Des de novembre de 2008, despr\u00e9s del I Taller \u201cCanta Gospel\u201d, el grup ha vist com m\u00e9s i m\u00e9s persones s\u2019interessaven a participar-hi. En l&#8217;actualitat compta amb 30 cantaires que v\u00e9nen de tota l\u2019illa d&#8217;Eivissa. Es troben una vegada per setmana per assajar. El grup t\u00e9 un repertori ampli i els cantants poden obtenir experi\u00e8ncia com a solistes, amb el suport de tot el cor, i mostrar aix\u00ed la seva creativitat.<\/p>\n<p>El seg\u00fcents tallers \u201cCanta Gospel\u201d que Can Blau ha ofert entre 2009 i 2014 han tingut molt d\u2019\u00e8xit. Els concerts finals han tingut molt bona acollida, i han estat plens d\u2019emoci\u00f3 i participaci\u00f3 per part del p\u00fablic. En el II Curs es van afegir al pianista dos m\u00fasics m\u00e9s: un bateria i un baix. En el III Curs va participar un int\u00e8rpret de llenguatge de signes, en el IV curs es va incorporar ball modern i en els dos \u00faltims s\u2019ha treballat l\u2019escenografia i el repertori.<\/p>\n<p>En els seus concerts, la majoria dels quals s\u00f3n ben\u00e8fics, el grup crea un ambient en el qual el p\u00fablic pot participar, viure la m\u00fasica i passar-s\u2019ho b\u00e9.<\/p>\n<p>De la direcci\u00f3, durant tot l\u2019any, se\u2019n fa c\u00e0rrec Nadia Acebal. El pianista acompanyant \u00e9s Joan \u00d2scar Palerm Costa, el baix, Chema Pellico, i el bateria, Stefano Serra de Muntes. El grup disposa d\u2019un equip t\u00e8cnic propi.<\/p>\n","protected":false},"excerpt":{"rendered":"<p>El canblaugospel de l&#8217;Escola de M\u00fasica Can Blau es va formar a principi de l&#8217;any 2007. Est\u00e0 dirigit a aficionats del cant que busquen una alternativa als cors tradicionals i [&hellip;]<\/p>\n","protected":false},"author":1,"featured_media":471,"parent":137,"menu_order":0,"comment_status":"closed","ping_status":"closed","template":"page-templates\/page-foto.php","meta":{"footnotes":""},"class_list":["post-159","page","type-page","status-publish","has-post-thumbnail","hentry"],"_links":{"self":[{"href":"https:\/\/www.canblau.net\/ca\/wp-json\/wp\/v2\/pages\/159","targetHints":{"allow":["GET"]}}],"collection":[{"href":"https:\/\/www.canblau.net\/ca\/wp-json\/wp\/v2\/pages"}],"about":[{"href":"https:\/\/www.canblau.net\/ca\/wp-json\/wp\/v2\/types\/page"}],"author":[{"embeddable":true,"href":"https:\/\/www.canblau.net\/ca\/wp-json\/wp\/v2\/users\/1"}],"replies":[{"embeddable":true,"href":"https:\/\/www.canblau.net\/ca\/wp-json\/wp\/v2\/comments?post=159"}],"version-history":[{"count":0,"href":"https:\/\/www.canblau.net\/ca\/wp-json\/wp\/v2\/pages\/159\/revisions"}],"up":[{"embeddable":true,"href":"https:\/\/www.canblau.net\/ca\/wp-json\/wp\/v2\/pages\/137"}],"wp:featuredmedia":[{"embeddable":true,"href":"https:\/\/www.canblau.net\/ca\/wp-json\/wp\/v2\/media\/471"}],"wp:attachment":[{"href":"https:\/\/www.canblau.net\/ca\/wp-json\/wp\/v2\/media?parent=159"}],"curies":[{"name":"wp","href":"https:\/\/api.w.org\/{rel}","templated":true}]}}